{"id":2167,"date":"2015-03-12T14:52:34","date_gmt":"2015-03-12T14:52:34","guid":{"rendered":"http:\/\/demo-content.kaliumtheme.com\/freelancer\/?page_id=2167"},"modified":"2026-03-30T12:45:53","modified_gmt":"2026-03-30T12:45:53","slug":"exhibitions","status":"publish","type":"page","link":"https:\/\/www.miniencuadro.com\/en\/exhibitions\/","title":{"rendered":"Exhibitions"},"content":{"rendered":"<div class=\"wpb-content-wrapper\"><p>[vc_row][vc_column][vc_column_text]<\/p>\n<h6>SOLO EXHIBITIONS<\/h6>\n<p>[\/vc_column_text][vc_separator color=&#8221;black&#8221;][\/vc_column][\/vc_row][vc_row][vc_column width=&#8221;1\/4&#8243;][vc_column_text css=&#8221;&#8221;]<strong>2023<\/strong><br \/>\n<strong>Dentro de<\/strong><br \/>\nEdificio de Humanidades de la UNED. Madrid<\/p>\n<p><strong>2022<\/strong><br \/>\n<strong>Cable a Tierra<\/strong><br \/>\nFnac Callao. Madrid<\/p>\n<p><strong>Poder\u00edo<\/strong><br \/>\nEr Guerrita. Sanl\u00facar de Bda. (C\u00e1diz)<\/p>\n<p><strong>2017<\/strong><br \/>\n<strong>Orden Salvaje<\/strong><br \/>\n7 Islas Hotel. Madrid<\/p>\n<p><strong>2014<\/strong><br \/>\n<strong> Miniencuadro<\/strong><br \/>\nEr Guerrita. Sanl\u00facar de Bda. (C\u00e1diz)<\/p>\n<p><strong>2013<\/strong><br \/>\n<strong>Ba\u00f1ados en Vino<\/strong><br \/>\nEr Guerrita. Sanl\u00facar de Bda. (C\u00e1diz)<\/p>\n<p><strong>Miniencuadro<\/strong><br \/>\nSala Cantero Cuadrado (UHU). Huelva<\/p>\n<p><strong>Miniencuadro<\/strong><br \/>\nColophon. C\u00e1diz[\/vc_column_text][vc_separator color=&#8221;white&#8221;][\/vc_column][vc_column width=&#8221;1\/4&#8243;][vc_column_text]<strong>2012<\/strong><br \/>\n<strong>El camino de los \u2028hombres de pl\u00e1stico<\/strong><br \/>\nC-Aps Experience. Sevilla<\/p>\n<p><strong>Se buscan plantas agonizantes<\/strong><br \/>\nEl centro de todas las cosas. Sevilla<\/p>\n<p><strong>Envase al vac\u00edo<\/strong><br \/>\nEl centro de todas las cosas. Sevilla<\/p>\n<p><strong>Miniencuadro<\/strong><br \/>\nEr Guerrita. Sanl\u00facar de Bda. (C\u00e1diz)<\/p>\n<p><strong>2011<\/strong><br \/>\n<strong> Miniencuadro<\/strong><br \/>\nEnclave de Libros, Madrid<\/p>\n<p><strong>2010<\/strong><br \/>\n<strong> Miniencuadro<\/strong><br \/>\nFundaci\u00f3n Mapfre. Las Palmas de Gran Canaria<\/p>\n<p><strong>2009<\/strong><br \/>\n<strong> Miniencuadro<\/strong><br \/>\nRooming, Las Palmas de Gran Canaria[\/vc_column_text][vc_separator color=&#8221;white&#8221;][\/vc_column][vc_column width=&#8221;1\/2&#8243;][vc_gallery type=&#8221;flexslider_slide&#8221; interval=&#8221;0&#8243; images=&#8221;3740,3741,3742,3743,3744,3745,3746,3747,3748,3749,3750,3751,3752&#8243; img_size=&#8221;543&#215;409&#8243; onclick=&#8221;link_no&#8221;][vc_separator color=&#8221;white&#8221;][\/vc_column][\/vc_row][vc_row][vc_column][vc_column_text]<\/p>\n<h6>GROUP EXHIBITIONS<\/h6>\n<p>[\/vc_column_text][vc_separator color=&#8221;black&#8221;][\/vc_column][\/vc_row][vc_row][vc_column width=&#8221;1\/4&#8243;][vc_column_text css=&#8221;&#8221;]<strong>2025<\/strong><br \/>\n<strong>Recuerdos de un paisaje deconstruido<\/strong><br \/>\nFundaci\u00f3n MAPFRE Canarias. La Laguna (Tenerife) y Las Palmas de Gran Canaria (Gran Canaria)<\/p>\n<p><strong>2021<\/strong><br \/>\n<strong>Cable a Tierra<\/strong><br \/>\nMuseo de Artes y Tradiciones Populares. Madrid<\/p>\n<p><strong>Licra<\/strong><br \/>\nSala de Arte Joven. Madrid<\/p>\n<p><strong>Innoble Wine Festival<\/strong><br \/>\nHostal Posada de Palacio. Sanl\u00facar de Bda. C\u00e1diz<\/p>\n<p><strong>2020<\/strong><br \/>\n<strong>Mon \u0152il \u00c9pisode 194<\/strong><br \/>\nCentre Pompidou. Paris<\/p>\n<p><strong>Elle Spain. 75 Aniversario<\/strong><br \/>\nCentro Centro. Palacio de Cibeles. Madrid[\/vc_column_text][vc_separator color=&#8221;white&#8221;][\/vc_column][vc_column width=&#8221;1\/4&#8243;][vc_column_text]<\/p>\n<p><strong>2016<\/strong><br \/>\n<strong> Villa Vista. Una visi\u00f3n propia<\/strong><br \/>\nBanzai. Sevilla<\/p>\n<p><strong>I Aniversario La Carbonera<\/strong><br \/>\nEspacio Oculto. Madrid<\/p>\n<p><strong>2014<\/strong><br \/>\n<strong> Lo imposible, lo inalcanzable<\/strong><br \/>\nPalacio de Viana. C\u00f3rdoba<\/p>\n<p><strong>2013<\/strong><br \/>\n<strong>Expo abierta TYPO_MAD 2013<\/strong><br \/>\nMatadero. Madrid<\/p>\n<p><strong>Ser\u00e9 tu voz. Eres mi luz<\/strong><br \/>\nFundaci\u00f3n Valent\u00edn de Madariaga. Sevilla<\/p>\n<p><strong>10 a\u00f1os de cortos en Canarias<\/strong><br \/>\nUniversidad de La Laguna. Sta. Cruz de Tenerife[\/vc_column_text][vc_separator color=&#8221;white&#8221;][\/vc_column][vc_column width=&#8221;1\/4&#8243;][vc_column_text]<\/p>\n<p><strong>2012<\/strong><br \/>\n<strong> 13 Ideas para cambiar el mundo<\/strong><br \/>\nEl centro de todas las cosas. Sevilla<\/p>\n<p><strong>2011<\/strong><br \/>\n<strong> Tres en uno<\/strong><br \/>\nSala de exposiciones Parque Garc\u00eda Sanabria. Sta. Cruz de Tenerife y Sala Charco de San Gin\u00e9s. Arrecife (Lanzarote)<\/p>\n<p><strong>2009<\/strong><br \/>\n<strong> Proyecta 09<\/strong><br \/>\nDiputaci\u00f3n de C\u00e1diz. C\u00e1diz<\/p>\n<p><strong>2008<\/strong><br \/>\n<strong>Medalla Adi 2007<\/strong><br \/>\nADIFAD. Barcelona, Valladolid, Mallorca, Valencia, Oviedo, Zaragoza y Castell\u00f3n<\/p>\n<p><strong>Ol\u00e9 Design (Living Spain)<\/strong><br \/>\nDesign Forum Shop. Helsinki[\/vc_column_text][vc_separator color=&#8221;white&#8221;][\/vc_column][vc_column width=&#8221;1\/4&#8243;][vc_column_text]<strong>2008<\/strong><br \/>\n<strong>Spain Now. Nueva generaci\u00f3n de dise\u00f1o Espa\u00f1ol.<\/strong><br \/>\nFuori Salone. Mil\u00e1n<\/p>\n<p><strong>2007<\/strong><br \/>\n<strong> Mlad\u00fd Obal Young Package 2007<\/strong><br \/>\nDesign Centrum. Praga<\/p>\n<p><strong>SPAILAB<\/strong><br \/>\nExpohogar 07. Barcelona<\/p>\n<p><strong>2006<\/strong><br \/>\n<strong> PFC. Per Fi Comencem!<\/strong><br \/>\nFAD. Barcelona<\/p>\n<p><strong>HISPACK 06<\/strong><br \/>\nFira de Barcelona. Barcelona[\/vc_column_text][vc_separator color=&#8221;white&#8221;][\/vc_column][\/vc_row][vc_row][vc_column][vc_column_text]<\/p>\n<h6>ABOUT MINIENCUADRO<\/h6>\n<p>[\/vc_column_text][vc_separator color=&#8221;black&#8221;][vc_column_text]<strong><a href=\"http:\/\/enclavedelibros.blogspot.com.es\/2011\/11\/miniencuadro-critica-de-la-miniatura.html\" target=\"_blank\" rel=\"noopener\">Cr\u00edtica de la miniatura,<\/a><\/strong> by Nayra Sanz (Film director)<\/p>\n<p><strong><a href=\"http:\/\/c-apsexperience.blogspot.com.es\/2012\/11\/texto-para-el-catalogo-de-la-exposicion.html\" target=\"_blank\" rel=\"noopener\">Maxiencuadro en C-APS,<\/a><\/strong> by Juan Lu\u00eds Y\u00e1\u00f1ez (Interior designer)<\/p>\n<p><strong><a href=\"http:\/\/c-apsexperience.blogspot.com.es\/2012\/10\/textos-sobre-la-exposicion-miniencuadro.html\" target=\"_blank\" rel=\"noopener\">Miniencuadro,<\/a><\/strong> by Ram\u00f3n del Pino (Art historian)[\/vc_column_text][\/vc_column][\/vc_row]<\/p>\n<\/div>","protected":false},"excerpt":{"rendered":"<p>[vc_row][vc_column][vc_column_text] SOLO EXHIBITIONS [\/vc_column_text][vc_separator color=&#8221;black&#8221;][\/vc_column][\/vc_row][vc_row][vc_column width=&#8221;1\/4&#8243;][vc_column_text css=&#8221;&#8221;]2023 Dentro de Edificio de Humanidades de la UNED. Madrid 2022 Cable a Tierra Fnac Callao. Madrid Poder\u00edo Er Guerrita. Sanl\u00facar de Bda. (C\u00e1diz) 2017 Orden Salvaje 7 Islas Hotel. Madrid 2014 Miniencuadro Er Guerrita. Sanl\u00facar de Bda. (C\u00e1diz) 2013 Ba\u00f1ados en Vino Er Guerrita. Sanl\u00facar de Bda. (C\u00e1diz)&hellip;<\/p>\n","protected":false},"author":1,"featured_media":0,"parent":0,"menu_order":0,"comment_status":"open","ping_status":"closed","template":"","meta":{"_acf_changed":false,"footnotes":""},"class_list":["post-2167","page","type-page","status-publish","hentry"],"acf":[],"_links":{"self":[{"href":"https:\/\/www.miniencuadro.com\/en\/wp-json\/wp\/v2\/pages\/2167","targetHints":{"allow":["GET"]}}],"collection":[{"href":"https:\/\/www.miniencuadro.com\/en\/wp-json\/wp\/v2\/pages"}],"about":[{"href":"https:\/\/www.miniencuadro.com\/en\/wp-json\/wp\/v2\/types\/page"}],"author":[{"embeddable":true,"href":"https:\/\/www.miniencuadro.com\/en\/wp-json\/wp\/v2\/users\/1"}],"replies":[{"embeddable":true,"href":"https:\/\/www.miniencuadro.com\/en\/wp-json\/wp\/v2\/comments?post=2167"}],"version-history":[{"count":23,"href":"https:\/\/www.miniencuadro.com\/en\/wp-json\/wp\/v2\/pages\/2167\/revisions"}],"predecessor-version":[{"id":7574,"href":"https:\/\/www.miniencuadro.com\/en\/wp-json\/wp\/v2\/pages\/2167\/revisions\/7574"}],"wp:attachment":[{"href":"https:\/\/www.miniencuadro.com\/en\/wp-json\/wp\/v2\/media?parent=2167"}],"curies":[{"name":"wp","href":"https:\/\/api.w.org\/{rel}","templated":true}]}}